{"id":88,"date":"2013-08-11T19:22:53","date_gmt":"2013-08-11T19:22:53","guid":{"rendered":"http:\/\/localhost:8888\/test\/?page_id=532"},"modified":"2024-09-17T07:55:42","modified_gmt":"2024-09-17T07:55:42","slug":"contact","status":"publish","type":"page","link":"https:\/\/mahuti.ee\/eng\/contact\/","title":{"rendered":"Contact"},"content":{"rendered":"<p><iframe src=\"https:\/\/www.google.com\/maps\/embed?pb=!1m18!1m12!1m3!1d8139.184532649051!2d24.827269014964635!3d59.33635741045867!2m3!1f0!2f0!3f0!3m2!1i1024!2i768!4f13.1!3m3!1m2!1s0x4692c1fbcefc4739%3A0xcd9fccd706cb46df!2sKlaasplast%20O%C3%9C!5e0!3m2!1sen!2see!4v1726559237167!5m2!1sen!2see\" width=\"100%\" height=\"450\" style=\"border:0;\" allowfullscreen=\"\" loading=\"lazy\" referrerpolicy=\"no-referrer-when-downgrade\"><\/iframe><br \/>\n<div class=\"row\"  id=\"row-1095654487\">\n\n\t<div id=\"col-577919523\" class=\"col medium-6 large-6\"  >\n\t\t<div class=\"col-inner\"  >\n\t\t\t\n\t\t\t\n<div class=\"container section-title-container\" ><h3 class=\"section-title section-title-normal\"><b><\/b><span class=\"section-title-main\" >Contacts<\/span><b><\/b><\/h3><\/div>\n<p><strong>KLAASPLAST O\u00dc<\/strong><\/p>\n<p><strong>Reg.kood:<\/strong> 11862070<br \/><strong>LHV A\/a:<\/strong>\u00a0EE877700771001342630<br \/><strong>KMK reg.Nr.:<\/strong> EE101399597<\/p>\n<div class=\"is-divider divider clearfix\" ><\/div>\n<p><strong>Warehouse <\/strong>:<\/p>\n<p>\u00d5llek\u00f6\u00f6gi p\u00f5ik 1, Kurna, Harjumaa, 75307<\/p>\n<p><strong><em>Open 8:30 \u2013 16:00 E-R <\/em><\/strong><\/p>\n<div class=\"is-divider divider clearfix\" ><\/div>\n<p style=\"font-weight: 400;\">Robert (EST, ENG, RUS) \u2013 <a href=\"tel:+3725146824\">514 6824<\/a><br \/>Kadri (EST, ENG, RUS) &#8211; <a href=\"tel:+37253433650\">53433650<\/a><\/p>\n<p><a href=\"mailto:info@mahuti.ee\">info@mahuti.ee<\/a><\/p>\n\t\t<\/div>\n\t\t\t<\/div>\n\n\t\n\n\t<div id=\"col-1510328457\" class=\"col medium-6 large-6\"  >\n\t\t<div class=\"col-inner\"  >\n\t\t\t\n\t\t\t\n<div class=\"container section-title-container\" ><h3 class=\"section-title section-title-normal\"><b><\/b><span class=\"section-title-main\" >Send us an email<\/span><b><\/b><\/h3><\/div>\n\n<div class=\"wpcf7 no-js\" id=\"wpcf7-f8-o1\" lang=\"en-US\" dir=\"ltr\" data-wpcf7-id=\"8\">\n<div class=\"screen-reader-response\"><p role=\"status\" aria-live=\"polite\" aria-atomic=\"true\"><\/p> <ul><\/ul><\/div>\n<form action=\"\/eng\/wp-json\/wp\/v2\/pages\/88#wpcf7-f8-o1\" method=\"post\" class=\"wpcf7-form init\" aria-label=\"Contact form\" novalidate=\"novalidate\" data-status=\"init\">\n<fieldset class=\"hidden-fields-container\"><input type=\"hidden\" name=\"_wpcf7\" value=\"8\" \/><input type=\"hidden\" name=\"_wpcf7_version\" value=\"6.1.5\" \/><input type=\"hidden\" name=\"_wpcf7_locale\" value=\"en_US\" \/><input type=\"hidden\" name=\"_wpcf7_unit_tag\" value=\"wpcf7-f8-o1\" \/><input type=\"hidden\" name=\"_wpcf7_container_post\" value=\"0\" \/><input type=\"hidden\" name=\"_wpcf7_posted_data_hash\" value=\"\" \/>\n<\/fieldset>\n<div class=\"form-flat\">\n\t<p><span class=\"wpcf7-form-control-wrap\" data-name=\"your-name\"><input size=\"40\" maxlength=\"400\" class=\"wpcf7-form-control wpcf7-text wpcf7-validates-as-required\" aria-required=\"true\" aria-invalid=\"false\" placeholder=\"Name\" value=\"\" type=\"text\" name=\"your-name\" \/><\/span><br \/>\n<span class=\"wpcf7-form-control-wrap\" data-name=\"tel-181\"><input size=\"40\" maxlength=\"400\" class=\"wpcf7-form-control wpcf7-tel wpcf7-validates-as-required wpcf7-text wpcf7-validates-as-tel\" aria-required=\"true\" aria-invalid=\"false\" placeholder=\"Phone number +372\" value=\"\" type=\"tel\" name=\"tel-181\" \/><\/span><br \/>\n<span class=\"wpcf7-form-control-wrap\" data-name=\"your-email\"><input size=\"40\" maxlength=\"400\" class=\"wpcf7-form-control wpcf7-email wpcf7-validates-as-required wpcf7-text wpcf7-validates-as-email\" aria-required=\"true\" aria-invalid=\"false\" placeholder=\"Email\" value=\"\" type=\"email\" name=\"your-email\" \/><\/span>\n\t<\/p>\n\t<p><span class=\"wpcf7-form-control-wrap\" data-name=\"menu-186\"><select class=\"wpcf7-form-control wpcf7-select\" aria-invalid=\"false\" name=\"menu-186\"><option value=\"Sewage tanks\">Sewage tanks<\/option><option value=\"Septics\">Septics<\/option><option value=\"Biocleaners\">Biocleaners<\/option><option value=\"Water tanks\">Water tanks<\/option><option value=\"I class oil separators\">I class oil separators<\/option><option value=\"II class oil separators\">II class oil separators<\/option><option value=\"Grease traps\">Grease traps<\/option><option value=\"Pumping stations\">Pumping stations<\/option><option value=\"Fire water tanks\">Fire water tanks<\/option><option value=\"Alarm devices\">Alarm devices<\/option><\/select><\/span><br \/>\n<span class=\"wpcf7-form-control-wrap\" data-name=\"your-message\"><textarea cols=\"40\" rows=\"10\" maxlength=\"2000\" class=\"wpcf7-form-control wpcf7-textarea\" aria-invalid=\"false\" placeholder=\"Message\" name=\"your-message\"><\/textarea><\/span>\n\t<\/p>\n\t<p><input class=\"wpcf7-form-control wpcf7-submit has-spinner button\" type=\"submit\" value=\"Send\" \/>\n\t<\/p>\n<\/div><div class=\"wpcf7-response-output\" aria-hidden=\"true\"><\/div>\n<\/form>\n<\/div>\n\n\t\t<\/div>\n\t\t\t<\/div>\n\n\t\n<\/div>\n","protected":false},"excerpt":{"rendered":"","protected":false},"author":1,"featured_media":12,"parent":0,"menu_order":0,"comment_status":"closed","ping_status":"closed","template":"page-blank.php","meta":{"footnotes":""},"class_list":["post-88","page","type-page","status-publish","has-post-thumbnail","hentry"],"_links":{"self":[{"href":"https:\/\/mahuti.ee\/eng\/wp-json\/wp\/v2\/pages\/88","targetHints":{"allow":["GET"]}}],"collection":[{"href":"https:\/\/mahuti.ee\/eng\/wp-json\/wp\/v2\/pages"}],"about":[{"href":"https:\/\/mahuti.ee\/eng\/wp-json\/wp\/v2\/types\/page"}],"author":[{"embeddable":true,"href":"https:\/\/mahuti.ee\/eng\/wp-json\/wp\/v2\/users\/1"}],"replies":[{"embeddable":true,"href":"https:\/\/mahuti.ee\/eng\/wp-json\/wp\/v2\/comments?post=88"}],"version-history":[{"count":14,"href":"https:\/\/mahuti.ee\/eng\/wp-json\/wp\/v2\/pages\/88\/revisions"}],"predecessor-version":[{"id":1389,"href":"https:\/\/mahuti.ee\/eng\/wp-json\/wp\/v2\/pages\/88\/revisions\/1389"}],"wp:featuredmedia":[{"embeddable":true,"href":"https:\/\/mahuti.ee\/eng\/wp-json\/wp\/v2\/media\/12"}],"wp:attachment":[{"href":"https:\/\/mahuti.ee\/eng\/wp-json\/wp\/v2\/media?parent=88"}],"curies":[{"name":"wp","href":"https:\/\/api.w.org\/{rel}","templated":true}]}}