{"id":88,"date":"2013-08-11T19:22:53","date_gmt":"2013-08-11T19:22:53","guid":{"rendered":"http:\/\/localhost:8888\/test\/?page_id=532"},"modified":"2024-09-17T07:58:29","modified_gmt":"2024-09-17T07:58:29","slug":"contact","status":"publish","type":"page","link":"https:\/\/mahuti.ee\/rus\/contact\/","title":{"rendered":"\u041a\u043e\u043d\u0442\u0430\u043a\u0442\u044b"},"content":{"rendered":"<p><iframe src=\"https:\/\/www.google.com\/maps\/embed?pb=!1m18!1m12!1m3!1d8139.184532649051!2d24.827269014964635!3d59.33635741045867!2m3!1f0!2f0!3f0!3m2!1i1024!2i768!4f13.1!3m3!1m2!1s0x4692c1fbcefc4739%3A0xcd9fccd706cb46df!2sKlaasplast%20O%C3%9C!5e0!3m2!1sen!2see!4v1726559237167!5m2!1sen!2see\" width=\"100%\" height=\"450\" style=\"border:0;\" allowfullscreen=\"\" loading=\"lazy\" referrerpolicy=\"no-referrer-when-downgrade\"><\/iframe><br \/>\n<div class=\"row\"  id=\"row-1969158430\">\n\n\t<div id=\"col-541424637\" class=\"col medium-6 large-6\"  >\n\t\t<div class=\"col-inner\"  >\n\t\t\t\n\t\t\t\n<div class=\"container section-title-container\" ><h3 class=\"section-title section-title-normal\"><b><\/b><span class=\"section-title-main\" >\u041a\u043e\u043d\u0442\u0430\u043a\u0442\u044b<\/span><b><\/b><\/h3><\/div>\n<p><strong>KLAASPLAST O\u00dc<\/strong><\/p>\n<p><strong>Reg.kood:<\/strong> 11862070<br \/>\n<strong>LHV A\/a:<\/strong>\u00a0EE877700771001342630<br \/>\n<strong>KMK reg.Nr.:<\/strong> EE101399597<\/p>\n<div class=\"is-divider divider clearfix\" ><\/div>\n<p><strong>\u041f\u043e\u043b\u0443\u0447\u0435\u043d\u0438\u0435 \u0441\u043a\u043b\u0430\u0434\u0430 \u0438 \u0442\u043e\u0432\u0430\u0440\u043e\u0432<\/strong>:<\/p>\n<p>\u00d5llek\u00f6\u00f6gi p\u00f5ik 1, Kurna, Harjumaa, 75307<\/p>\n<p><strong><em>\u041e\u0442\u043a\u0440\u044b\u0442\u044c 8:30 \u2013 16:00 E-R <\/em><\/strong><\/p>\n<p>\u0412 \u043e\u0441\u0442\u0430\u043b\u044c\u043d\u043e\u0435 \u0432\u0440\u0435\u043c\u044f \u0432\u044b\u043f\u0443\u0441\u043a \u0442\u043e\u0432\u0430\u0440\u043e\u0432 \u043f\u043e \u0434\u043e\u0433\u043e\u0432\u043e\u0440\u0435\u043d\u043d\u043e\u0441\u0442\u0438.<\/p>\n<div class=\"is-divider divider clearfix\" ><\/div>\n<p style=\"font-weight: 400;\">Robert (EST, ENG, RUS) \u2013 <a href=\"tel:+3725146824\">514 6824<\/a><br \/>Kadri (EST, ENG, RUS) &#8212; <a href=\"tel:+37253433650\">53433650<\/a><\/p>\n<p><a href=\"mailto:info@mahuti.ee\">info@mahuti.ee<\/a><\/p>\n\t\t<\/div>\n\t\t\t<\/div>\n\n\t\n\n\t<div id=\"col-1647825652\" class=\"col medium-6 large-6\"  >\n\t\t<div class=\"col-inner\"  >\n\t\t\t\n\t\t\t\n<div class=\"container section-title-container\" ><h3 class=\"section-title section-title-normal\"><b><\/b><span class=\"section-title-main\" >\u041e\u0422\u041f\u0420\u0410\u0412\u0418\u0422\u042c \u0417\u0410\u041f\u0420\u041e\u0421<\/span><b><\/b><\/h3><\/div>\n\n<div class=\"wpcf7 no-js\" id=\"wpcf7-f8-o1\" lang=\"en-US\" dir=\"ltr\">\n<div class=\"screen-reader-response\"><p role=\"status\" aria-live=\"polite\" aria-atomic=\"true\"><\/p> <ul><\/ul><\/div>\n<form action=\"\/rus\/wp-json\/wp\/v2\/pages\/88#wpcf7-f8-o1\" method=\"post\" class=\"wpcf7-form init\" aria-label=\"Contact form\" novalidate=\"novalidate\" data-status=\"init\">\n<div style=\"display: none;\">\n<input type=\"hidden\" name=\"_wpcf7\" value=\"8\" \/>\n<input type=\"hidden\" name=\"_wpcf7_version\" value=\"5.9.5\" \/>\n<input type=\"hidden\" name=\"_wpcf7_locale\" value=\"en_US\" \/>\n<input type=\"hidden\" name=\"_wpcf7_unit_tag\" value=\"wpcf7-f8-o1\" \/>\n<input type=\"hidden\" name=\"_wpcf7_container_post\" value=\"0\" \/>\n<input type=\"hidden\" name=\"_wpcf7_posted_data_hash\" value=\"\" \/>\n<\/div>\n<div class=\"form-flat\">\n\t<p><span class=\"wpcf7-form-control-wrap\" data-name=\"your-name\"><input size=\"40\" class=\"wpcf7-form-control wpcf7-text wpcf7-validates-as-required\" aria-required=\"true\" aria-invalid=\"false\" placeholder=\"\u0418\u043c\u044f\" value=\"\" type=\"text\" name=\"your-name\" \/><\/span><br \/>\n<span class=\"wpcf7-form-control-wrap\" data-name=\"tel-181\"><input size=\"40\" class=\"wpcf7-form-control wpcf7-tel wpcf7-validates-as-required wpcf7-text wpcf7-validates-as-tel\" aria-required=\"true\" aria-invalid=\"false\" placeholder=\"\u0422\u0435\u043b\u0435\u0444\u043e\u043d\u043d\u044b\u0439 \u043d\u043e\u043c\u0435\u0440 +372\" value=\"\" type=\"tel\" name=\"tel-181\" \/><\/span><br \/>\n<span class=\"wpcf7-form-control-wrap\" data-name=\"your-email\"><input size=\"40\" class=\"wpcf7-form-control wpcf7-email wpcf7-validates-as-required wpcf7-text wpcf7-validates-as-email\" aria-required=\"true\" aria-invalid=\"false\" placeholder=\"\u0410\u0434\u0440\u0435\u0441 \u044d\u043b. \u043f\u043e\u0447\u0442\u044b\" value=\"\" type=\"email\" name=\"your-email\" \/><\/span>\n\t<\/p>\n\t<p><span class=\"wpcf7-form-control-wrap\" data-name=\"menu-186\"><select class=\"wpcf7-form-control wpcf7-select\" aria-invalid=\"false\" name=\"menu-186\"><option value=\"\u0415\u043c\u043a\u043e\u0441\u0442\u044c\">\u0415\u043c\u043a\u043e\u0441\u0442\u044c<\/option><option value=\"\u0421\u0435\u043f\u0442\u0438\u043a\">\u0421\u0435\u043f\u0442\u0438\u043a<\/option><option value=\"\u0411\u0438\u043e\u043e\u0447\u0438\u0441\u0442\u0438\u0442\u0435\u043b\u044c\">\u0411\u0438\u043e\u043e\u0447\u0438\u0441\u0442\u0438\u0442\u0435\u043b\u044c<\/option><option value=\"\u0420\u0435\u0437\u0435\u0440\u0432\u0443\u0430\u0440\u044b \u0434\u043b\u044f \u0432\u043e\u0434\u044b\">\u0420\u0435\u0437\u0435\u0440\u0432\u0443\u0430\u0440\u044b \u0434\u043b\u044f \u0432\u043e\u0434\u044b<\/option><option value=\"\u041c\u0430\u0441\u043b\u043e\u0443\u043b\u043e\u0432\u0438\u0442\u0435\u043b\u0438 I \u043a\u043b\u0430\u0441\u0441\u0430\">\u041c\u0430\u0441\u043b\u043e\u0443\u043b\u043e\u0432\u0438\u0442\u0435\u043b\u0438 I \u043a\u043b\u0430\u0441\u0441\u0430<\/option><option value=\"\u041c\u0430\u0441\u043b\u043e\u0443\u043b\u043e\u0432\u0438\u0442\u0435\u043b\u0438 II \u043a\u043b\u0430\u0441\u0441\u0430\">\u041c\u0430\u0441\u043b\u043e\u0443\u043b\u043e\u0432\u0438\u0442\u0435\u043b\u0438 II \u043a\u043b\u0430\u0441\u0441\u0430<\/option><option value=\"\u0416\u0438\u0440\u043e\u0443\u043b\u043e\u0432\u0438\u0442\u0435\u043b\u044c\">\u0416\u0438\u0440\u043e\u0443\u043b\u043e\u0432\u0438\u0442\u0435\u043b\u044c<\/option><option value=\"\u041d\u0430\u0441\u043e\u0441\u044b\">\u041d\u0430\u0441\u043e\u0441\u044b<\/option><option value=\"\u041d\u0430\u0441\u043e\u0441\u044b\">\u041d\u0430\u0441\u043e\u0441\u044b<\/option><option value=\"\u0420\u0435\u0437\u0435\u0440\u0432\u0443\u0430\u0440\u044b \u0434\u043b\u044f \u043f\u0440\u043e\u0442\u0438\u0432\u043e\u043f\u043e\u0436\u0430\u0440\u043d\u043e\u0439 \u0432\u043e\u0434\u044b\">\u0420\u0435\u0437\u0435\u0440\u0432\u0443\u0430\u0440\u044b \u0434\u043b\u044f \u043f\u0440\u043e\u0442\u0438\u0432\u043e\u043f\u043e\u0436\u0430\u0440\u043d\u043e\u0439 \u0432\u043e\u0434\u044b<\/option><option value=\"\u0423\u0441\u0442\u0440\u043e\u0439\u0441\u0442\u0432\u0430 \u0441\u0438\u0433\u043d\u0430\u043b\u0438\u0437\u0430\u0446\u0438\u0438\">\u0423\u0441\u0442\u0440\u043e\u0439\u0441\u0442\u0432\u0430 \u0441\u0438\u0433\u043d\u0430\u043b\u0438\u0437\u0430\u0446\u0438\u0438<\/option><\/select><\/span><br \/>\n<span class=\"wpcf7-form-control-wrap\" data-name=\"your-message\"><textarea cols=\"40\" rows=\"10\" class=\"wpcf7-form-control wpcf7-textarea\" aria-invalid=\"false\" placeholder=\"\u0421\u043e\u043e\u0431\u0449\u0435\u043d\u0438\u0435\" name=\"your-message\"><\/textarea><\/span>\n\t<\/p>\n\t<p><input class=\"wpcf7-form-control wpcf7-submit has-spinner button\" type=\"submit\" value=\"\u041f\u043e\u0441\u043b\u0430\u0442\u044c\" \/>\n\t<\/p>\n<\/div><div class=\"wpcf7-response-output\" aria-hidden=\"true\"><\/div>\n<\/form>\n<\/div>\n\n\t\t<\/div>\n\t\t\t<\/div>\n\n\t\n<\/div>\n","protected":false},"excerpt":{"rendered":"","protected":false},"author":1,"featured_media":12,"parent":0,"menu_order":0,"comment_status":"closed","ping_status":"closed","template":"page-blank.php","meta":{"footnotes":""},"class_list":["post-88","page","type-page","status-publish","has-post-thumbnail","hentry"],"_links":{"self":[{"href":"https:\/\/mahuti.ee\/rus\/wp-json\/wp\/v2\/pages\/88"}],"collection":[{"href":"https:\/\/mahuti.ee\/rus\/wp-json\/wp\/v2\/pages"}],"about":[{"href":"https:\/\/mahuti.ee\/rus\/wp-json\/wp\/v2\/types\/page"}],"author":[{"embeddable":true,"href":"https:\/\/mahuti.ee\/rus\/wp-json\/wp\/v2\/users\/1"}],"replies":[{"embeddable":true,"href":"https:\/\/mahuti.ee\/rus\/wp-json\/wp\/v2\/comments?post=88"}],"version-history":[{"count":15,"href":"https:\/\/mahuti.ee\/rus\/wp-json\/wp\/v2\/pages\/88\/revisions"}],"predecessor-version":[{"id":1353,"href":"https:\/\/mahuti.ee\/rus\/wp-json\/wp\/v2\/pages\/88\/revisions\/1353"}],"wp:featuredmedia":[{"embeddable":true,"href":"https:\/\/mahuti.ee\/rus\/wp-json\/wp\/v2\/media\/12"}],"wp:attachment":[{"href":"https:\/\/mahuti.ee\/rus\/wp-json\/wp\/v2\/media?parent=88"}],"curies":[{"name":"wp","href":"https:\/\/api.w.org\/{rel}","templated":true}]}}